{"id":6549,"date":"2024-11-20T20:33:43","date_gmt":"2024-11-20T19:33:43","guid":{"rendered":"https:\/\/gruene-olching.de\/blog\/?page_id=6549"},"modified":"2025-01-16T12:32:07","modified_gmt":"2025-01-16T11:32:07","slug":"bundestagswahl-2025","status":"publish","type":"page","link":"https:\/\/gruene-olching.de\/blog\/?page_id=6549","title":{"rendered":"Bundestagswahl 2025 &#8211; Unsere Kandidatin Britta Jacob"},"content":{"rendered":"\n<p><strong>Die Bundestagswahl 2025 findet am Sonntag, den 23. Februar 2025 statt.&nbsp;<\/strong><\/p>\n\n\n\n<p><strong>Unsere Kandidatin f\u00fcr den Bundestag im Wahlkreis Dachau und F\u00fcrstenfeldbruck ist Britta Jacob.&nbsp;<\/strong><\/p>\n\n\n\n<p><strong>Mehr \u00fcber Britta Jacob: <a href=\"https:\/\/britta-jacob.de\/\" target=\"_blank\" rel=\"noreferrer noopener\">https:\/\/britta-jacob.de\/<\/a><\/strong><\/p>\n\n\n\n<p><\/p>\n\n\n\n<p><\/p>\n","protected":false},"excerpt":{"rendered":"<p>Die Bundestagswahl 2025 findet am Sonntag, den 23. Februar 2025 statt.&nbsp; Unsere Kandidatin f\u00fcr den Bundestag im Wahlkreis Dachau und F\u00fcrstenfeldbruck ist Britta Jacob.&nbsp; Mehr \u00fcber Britta Jacob: https:\/\/britta-jacob.de\/<\/p>\n","protected":false},"author":5,"featured_media":6550,"parent":0,"menu_order":0,"comment_status":"closed","ping_status":"closed","template":"","meta":{"footnotes":""},"class_list":["post-6549","page","type-page","status-publish","has-post-thumbnail","hentry"],"_links":{"self":[{"href":"https:\/\/gruene-olching.de\/blog\/index.php?rest_route=\/wp\/v2\/pages\/6549","targetHints":{"allow":["GET"]}}],"collection":[{"href":"https:\/\/gruene-olching.de\/blog\/index.php?rest_route=\/wp\/v2\/pages"}],"about":[{"href":"https:\/\/gruene-olching.de\/blog\/index.php?rest_route=\/wp\/v2\/types\/page"}],"author":[{"embeddable":true,"href":"https:\/\/gruene-olching.de\/blog\/index.php?rest_route=\/wp\/v2\/users\/5"}],"replies":[{"embeddable":true,"href":"https:\/\/gruene-olching.de\/blog\/index.php?rest_route=%2Fwp%2Fv2%2Fcomments&post=6549"}],"version-history":[{"count":6,"href":"https:\/\/gruene-olching.de\/blog\/index.php?rest_route=\/wp\/v2\/pages\/6549\/revisions"}],"predecessor-version":[{"id":6638,"href":"https:\/\/gruene-olching.de\/blog\/index.php?rest_route=\/wp\/v2\/pages\/6549\/revisions\/6638"}],"wp:featuredmedia":[{"embeddable":true,"href":"https:\/\/gruene-olching.de\/blog\/index.php?rest_route=\/wp\/v2\/media\/6550"}],"wp:attachment":[{"href":"https:\/\/gruene-olching.de\/blog\/index.php?rest_route=%2Fwp%2Fv2%2Fmedia&parent=6549"}],"curies":[{"name":"wp","href":"https:\/\/api.w.org\/{rel}","templated":true}]}}